{"id":3,"date":"2024-12-17T11:39:54","date_gmt":"2024-12-17T11:39:54","guid":{"rendered":"https:\/\/wonderful-elion.52-47-124-203.plesk.page\/?page_id=3"},"modified":"2025-02-05T15:12:33","modified_gmt":"2025-02-05T15:12:33","slug":"mentions-legales","status":"publish","type":"page","link":"https:\/\/wonderful-elion.52-47-124-203.plesk.page\/?page_id=3","title":{"rendered":"Mentions l\u00e9gales"},"content":{"rendered":"\t\t<div data-elementor-type=\"wp-page\" data-elementor-id=\"3\" class=\"elementor elementor-3\" data-elementor-post-type=\"page\">\n\t\t\t\t<div class=\"elementor-element elementor-element-461c5ed6 e-flex e-con-boxed e-con e-parent\" data-id=\"461c5ed6\" data-element_type=\"container\">\n\t\t\t\t\t<div class=\"e-con-inner\">\n\t\t\t\t<div class=\"elementor-element elementor-element-58f423b0 elementor-widget elementor-widget-text-editor\" data-id=\"58f423b0\" data-element_type=\"widget\" data-widget_type=\"text-editor.default\">\n\t\t\t\t<div class=\"elementor-widget-container\">\n\t\t\t\t\t\t\t\t\t<div><div>Le pr\u00e9sent site est la propri\u00e9t\u00e9 de Venise HBA [ACTIVATION], soci\u00e9t\u00e9 par actions simplifi\u00e9e, au capital de 37.000 Euros, dont le si\u00e8ge social est \u00e0 Boulogne-Billancourt (Hauts-de-Seine) 37 \u00e0 41 rue Fernand Pelloutier, immatricul\u00e9e au Registre du Commerce et des Soci\u00e9t\u00e9s de Nanterre sous le num\u00e9ro 350 130\u00a0019 RCS NANTERRE,\ufffdLe directeur de la publication du site est Monsieur Dumay, en qualit\u00e9 de repr\u00e9sentant l\u00e9gal de la soci\u00e9t\u00e9 Venise HBA.<\/div><br \/><div>En conformit\u00e9 avec les dispositions de la loi du 6 janvier 1978 relative \u00e0 l\u2019informatique, aux fichiers et aux libert\u00e9s, le traitement automatis\u00e9 des donn\u00e9es nominatives r\u00e9alis\u00e9 \u00e0 partir du site a fait l\u2019objet d\u2019une d\u00e9claration aupr\u00e8s de la Commission Nationale de l\u2019Informatique et des Libert\u00e9s (CNIL).<\/div><br \/><div>L\u2019utilisateur est notamment inform\u00e9 que, conform\u00e9ment \u00e0 l\u2019article 27 de la loi Informatique, fichiers et libert\u00e9s du 6 janvier 1978, les r\u00e9ponses donn\u00e9es aux formulaires pr\u00e9sents sur le site pourront \u00eatre transmises et exploit\u00e9es par la soci\u00e9t\u00e9 Venise HBA et qu\u2019il dispose d\u2019un droit d\u2019acc\u00e8s et de rectification portant sur ces donn\u00e9es en \u00e9crivant \u00e0 la soci\u00e9t\u00e9 Venise HBA, service des donn\u00e9es personnelles, 37 \u00e0 41 rue Fernand Pelloutier \u2013 92100 BOULOGNE BILLANCOURT.<\/div><br \/><div>L\u2019utilisateur du site de la soci\u00e9t\u00e9 Venise HBA reconna\u00eet disposer de la comp\u00e9tence et des moyens n\u00e9cessaires pour acc\u00e9der et utiliser ce site.\ufffdL\u2019utilisateur reconna\u00eet avoir v\u00e9rifi\u00e9 que la configuration informatique utilis\u00e9e ne contient aucun virus et qu\u2019elle est en bon \u00e9tat de fonctionnement.Les informations nominatives concernant l\u2019utilisateur sont \u00e0 usage interne des clients utilisateurs des fonctionnalit\u00e9s de la plateforme dans le cadre de leur mise en conformit\u00e9 au RGPD et de la soci\u00e9t\u00e9 Venise HBA ainsi qu\u2019\u00e0 destination de ses partenaires.<\/div><br \/><div>Les utilisateurs du site de la soci\u00e9t\u00e9 Venise HBA sont tenus de respecter les dispositions de la loi relative \u00e0 l\u2019informatique, aux fichiers et aux libert\u00e9s, dont la violation est passible de sanctions p\u00e9nales.\ufffdIls doivent notamment s\u2019abstenir, s\u2019agissant des informations nominatives auxquelles ils acc\u00e8dent, de toute collecte, de toute utilisation d\u00e9tourn\u00e9e et d\u2019une mani\u00e8re g\u00e9n\u00e9rale, de tout acte susceptible de porter atteinte \u00e0 la vie priv\u00e9e ou la r\u00e9putation des personnes.<\/div><br \/><div>La structure g\u00e9n\u00e9rale, ainsi que les logiciels, textes, images anim\u00e9es ou fixes, sons, savoir-faire, dessins, graphismes (\u2026) et tout autre \u00e9l\u00e9ment composant le site sont la propri\u00e9t\u00e9 exclusive de la soci\u00e9t\u00e9 Venise HBA.<\/div><br \/><div>Toute repr\u00e9sentation totale ou partielle de ce site par quelque proc\u00e9d\u00e9 que ce soit, sans l\u2019autorisation expresse de la soci\u00e9t\u00e9 Venise HBA, est interdite et constituerait une contrefa\u00e7on sanctionn\u00e9e par les articles L 335-2 et suivants du Code de la propri\u00e9t\u00e9 intellectuelle.<\/div><br \/><div>Il en est de m\u00eame des bases de donn\u00e9es figurant sur le site, qui sont prot\u00e9g\u00e9es par les dispositions de la loi du 1er juillet 1998 portant transposition dans le Code de la propri\u00e9t\u00e9 intellectuelle de la directive europ\u00e9enne du 11 mars 1996 relative \u00e0 la protection juridique des bases de donn\u00e9es et dont la soci\u00e9t\u00e9 Venise HBA est productrice.Les marques de la soci\u00e9t\u00e9 Venise HBA et de ses partenaires, ainsi que les logos figurant sur le site sont des marques (semi-figuratives ou non) d\u00e9pos\u00e9es.<\/div><br \/><div>Toute reproduction totale ou partielle de ces marques ainsi que toute repr\u00e9sentation totale ou partielle de ces marques et\/ou logos, effectu\u00e9es \u00e0 partir des \u00e9l\u00e9ments du site sans l\u2019autorisation expresse de la soci\u00e9t\u00e9 Venise HBA sont dont prohib\u00e9es, au sens de l\u2019article L 713-2 du Code de la propri\u00e9t\u00e9 intellectuelle.<\/div><\/div><p><!-- \/wp:paragraph --><\/p>\t\t\t\t\t\t\t\t<\/div>\n\t\t\t\t<\/div>\n\t\t\t\t\t<\/div>\n\t\t\t\t<\/div>\n\t\t\t\t<\/div>\n\t\t","protected":false},"excerpt":{"rendered":"<p>Le pr\u00e9sent site est la propri\u00e9t\u00e9 de Venise HBA [ACTIVATION], soci\u00e9t\u00e9 par actions simplifi\u00e9e, au capital de 37.000 Euros, dont le si\u00e8ge social est \u00e0 Boulogne-Billancourt (Hauts-de-Seine) 37 \u00e0 41 rue Fernand Pelloutier, immatricul\u00e9e au Registre du Commerce et des Soci\u00e9t\u00e9s de Nanterre sous le num\u00e9ro 350 130\u00a0019 RCS NANTERRE,\ufffdLe directeur de la publication du [&hellip;]<\/p>\n","protected":false},"author":1,"featured_media":0,"parent":0,"menu_order":0,"comment_status":"closed","ping_status":"closed","template":"","meta":{"footnotes":""},"class_list":["post-3","page","type-page","status-publish","hentry"],"_links":{"self":[{"href":"https:\/\/wonderful-elion.52-47-124-203.plesk.page\/index.php?rest_route=\/wp\/v2\/pages\/3","targetHints":{"allow":["GET"]}}],"collection":[{"href":"https:\/\/wonderful-elion.52-47-124-203.plesk.page\/index.php?rest_route=\/wp\/v2\/pages"}],"about":[{"href":"https:\/\/wonderful-elion.52-47-124-203.plesk.page\/index.php?rest_route=\/wp\/v2\/types\/page"}],"author":[{"embeddable":true,"href":"https:\/\/wonderful-elion.52-47-124-203.plesk.page\/index.php?rest_route=\/wp\/v2\/users\/1"}],"replies":[{"embeddable":true,"href":"https:\/\/wonderful-elion.52-47-124-203.plesk.page\/index.php?rest_route=%2Fwp%2Fv2%2Fcomments&post=3"}],"version-history":[{"count":16,"href":"https:\/\/wonderful-elion.52-47-124-203.plesk.page\/index.php?rest_route=\/wp\/v2\/pages\/3\/revisions"}],"predecessor-version":[{"id":397,"href":"https:\/\/wonderful-elion.52-47-124-203.plesk.page\/index.php?rest_route=\/wp\/v2\/pages\/3\/revisions\/397"}],"wp:attachment":[{"href":"https:\/\/wonderful-elion.52-47-124-203.plesk.page\/index.php?rest_route=%2Fwp%2Fv2%2Fmedia&parent=3"}],"curies":[{"name":"wp","href":"https:\/\/api.w.org\/{rel}","templated":true}]}}